{"id":1877,"date":"2023-06-07T10:07:50","date_gmt":"2023-06-07T08:07:50","guid":{"rendered":"https:\/\/www.camping-les-chenes.com\/contact-op\/"},"modified":"2025-12-18T22:37:41","modified_gmt":"2025-12-18T21:37:41","slug":"contact-op","status":"publish","type":"page","link":"https:\/\/www.camping-les-chenes.com\/nl\/contact-op\/","title":{"rendered":"Contact, toegang en documenten"},"content":{"rendered":"<section id=\"ls-section-block_a4e97d0c1e8c5c2667bdb9b00bb5c6b9\" class=\"ls-section  page-intro\" >\n        <div class=\"container \">\n        \n\n<h1 class=\"ls__heading wp-block-heading\">Contact, toegang en documenten<\/h1>\n\n\n    <\/div>\n<\/section><section id=\"ls-section-block_85833552e63d26033a480903ad5cba21\" class=\"ls-section  home-piscine page-one has-m-b m-b-0 has-p-t p-t-0 has-p-b p-b-0\" >\n        <div class=\"container container--full\">\n        \n\n<div class=\"wp-block-columns is-layout-flex wp-container-core-columns-is-layout-9d6595d7 wp-block-columns-is-layout-flex\">\n<div class=\"wp-block-column is-vertically-aligned-center is-layout-flow wp-block-column-is-layout-flow\">\n<h2 class=\"ls__heading wp-block-heading\">Neem contact met ons op<\/h2>\n\n\n\n<p class=\"ls-paragraph\">Nog laatste vragen? Heb je meer informatie nodig voordat je boekt? Ons team staat klaar om je vragen te beantwoorden en je het best mogelijke advies te geven. U kunt contact met ons opnemen via ons contactformulier, per e-mail of telefonisch:<\/p>\n\n\n\n<h2 class=\"ls__heading wp-block-heading\">Routebeschrijving naar de camping<\/h2>\n\n\n\n<p class=\"ls-paragraph\"><a href=\"https:\/\/www.camping-les-chenes.com\/nl\/\">Camping Les Ch\u00eanes in de Gard<\/a> ligt in de regio Occitanie, op 5 minuten van Sommi\u00e8res en op ongeveer 30 minuten van N\u00eemes (30), Le Grau du Roi en Montpellier (34).<\/p>\n\n\n\n<p class=\"ls-paragraph\"><strong>Met de auto, caravan of camper:<\/strong><\/p>\n\n\n\n<p class=\"ls-paragraph\"><em>Aanbevolen route:<\/em> afrit GALLARGUES N\u00b026, vervolgens richting AUBAIS en ten slotte JUNAS volgen. <\/p>\n\n\n\n<p class=\"ls-paragraph\"><strong>Met de trein:<\/strong><\/p>\n\n\n\n<ul class=\"ls-list ls-list-undefined wp-block-list\">\n<li>31 km van station Montpellier Sud-de-France &#8211; Languedocienne<\/li>\n\n\n\n<li>21 km van station Saint-C\u00e9saire (N\u00eemes)<\/li>\n<\/ul>\n\n\n\n<p class=\"ls-paragraph\"><\/p>\n\n\n\n<p class=\"ls-paragraph\"><strong>Met het vliegtuig: <\/strong><\/p>\n\n\n\n<ul class=\"ls-list ls-list-undefined wp-block-list\">\n<li>34 km van de luchthaven Montpellier M\u00e9diterran\u00e9e<\/li>\n\n\n\n<li>134 km van de luchthaven Marseille Provence <\/li>\n<\/ul>\n\n\n\n<p class=\"ls-paragraph\"><\/p>\n\n\n\n<p class=\"ls-paragraph\"><strong>Contact opnemen met camping Les Ch\u00eanes in de Gard<\/strong><br\/>Camping Les Ch\u00eanes***<br\/>95 Chemin des Teulli\u00e8res Basses 30250 JUNAS<br\/>GPS: 43\u00b045\u201941.0\u2033N 4\u00b007\u201916.0\u2033E<\/p>\n<\/div>\n\n\n\n<div class=\"wp-block-column is-layout-flow wp-block-column-is-layout-flow\">\n<div class=\"wp-block-contact-form-7-contact-form-selector\">\n<div class=\"wpcf7 no-js\" id=\"wpcf7-f1639-o1\" lang=\"nl-NL\" dir=\"ltr\" data-wpcf7-id=\"1639\">\n<div class=\"screen-reader-response\"><p role=\"status\" aria-live=\"polite\" aria-atomic=\"true\"><\/p> <ul><\/ul><\/div>\n<form action=\"\/nl\/wp-json\/wp\/v2\/pages\/1877#wpcf7-f1639-o1\" method=\"post\" class=\"wpcf7-form init\" aria-label=\"Contactformulier\" novalidate=\"novalidate\" data-status=\"init\">\n<fieldset class=\"hidden-fields-container\"><input type=\"hidden\" name=\"_wpcf7\" value=\"1639\" \/><input type=\"hidden\" name=\"_wpcf7_version\" value=\"6.1.2\" \/><input type=\"hidden\" name=\"_wpcf7_locale\" value=\"nl_NL\" \/><input type=\"hidden\" name=\"_wpcf7_unit_tag\" value=\"wpcf7-f1639-o1\" \/><input type=\"hidden\" name=\"_wpcf7_container_post\" value=\"0\" \/><input type=\"hidden\" name=\"_wpcf7_posted_data_hash\" value=\"\" \/><input type=\"hidden\" name=\"_wpcf7_recaptcha_response\" value=\"\" \/>\n<\/fieldset>\n<p><label> Uw naam<br \/>\n<span class=\"wpcf7-form-control-wrap\" data-name=\"your-name\"><input size=\"40\" maxlength=\"400\" class=\"wpcf7-form-control wpcf7-text wpcf7-validates-as-required\" autocomplete=\"name\" aria-required=\"true\" aria-invalid=\"false\" value=\"\" type=\"text\" name=\"your-name\" \/><\/span> <\/label>\n<\/p>\n<p><label> Uw e-mail<br \/>\n<span class=\"wpcf7-form-control-wrap\" data-name=\"your-email\"><input size=\"40\" maxlength=\"400\" class=\"wpcf7-form-control wpcf7-email wpcf7-validates-as-required wpcf7-text wpcf7-validates-as-email\" autocomplete=\"email\" aria-required=\"true\" aria-invalid=\"false\" value=\"\" type=\"email\" name=\"your-email\" \/><\/span> <\/label>\n<\/p>\n<p><label> Object<br \/>\n<span class=\"wpcf7-form-control-wrap\" data-name=\"your-subject\"><input size=\"40\" maxlength=\"400\" class=\"wpcf7-form-control wpcf7-text wpcf7-validates-as-required\" aria-required=\"true\" aria-invalid=\"false\" value=\"\" type=\"text\" name=\"your-subject\" \/><\/span> <\/label>\n<\/p>\n<p><label> Uw bericht<br \/>\n<span class=\"wpcf7-form-control-wrap\" data-name=\"your-message\"><textarea cols=\"40\" rows=\"10\" maxlength=\"2000\" class=\"wpcf7-form-control wpcf7-textarea\" aria-invalid=\"false\" name=\"your-message\"><\/textarea><\/span> <\/label><br \/>\n<span class=\"wpcf7-form-control-wrap\" data-name=\"acceptance-553\"><span class=\"wpcf7-form-control wpcf7-acceptance\"><span class=\"wpcf7-list-item\"><label><input type=\"checkbox\" name=\"acceptance-553\" value=\"1\" aria-invalid=\"false\" \/><span class=\"wpcf7-list-item-label\">Door dit vakje aan te vinken, accepteer ik het <a href=\"\/nl\/privacybeleid\/\" rel=\"nofollow\" target=\"_blank\">Privacybeleid<\/a> van deze site.<\/span><\/label><\/span><\/span><\/span><br \/>\n<input class=\"wpcf7-form-control wpcf7-submit has-spinner\" type=\"submit\" value=\"Stuur\" \/>\n<\/p><div class=\"wpcf7-response-output\" aria-hidden=\"true\"><\/div>\n<\/form>\n<\/div>\n<\/div>\n<\/div>\n<\/div>\n\n\n<section id=\"ls-section-block_e98b65a754ed8e2c7f8375faef90ad1c\" class=\"ls-section  home-ecologie page-two has-p-t p-t-0\" >\n        <div class=\"container container--full\">\n        \n\n<iframe src=\"https:\/\/www.google.com\/maps\/embed?pb=!1m14!1m8!1m3!1d27409.43278132081!2d4.0973336620272764!3d43.77157760024683!3m2!1i1024!2i768!4f13.1!3m3!1m2!1s0x12b4211dd7b368a9%3A0xea64aaa24d4a473a!2sCamping%20Les%20Ch%C3%AAnes!5e0!3m2!1sfr!2sfr!4v1689066138567!5m2!1sfr!2sfr\" width=\"100%\" height=\"550\" style=\"border:0;\" allowfullscreen=\"\" loading=\"lazy\" referrerpolicy=\"no-referrer-when-downgrade\"><\/iframe>\n\n\n    <\/div>\n<\/section>\n\n\n<h1 class=\"ls__heading wp-block-heading\">Plan je reis met een gerust hart<\/h1>\n\n\n\n<p class=\"ls-paragraph\"><\/p>\n\n\n\n<div id=\"ls-pdf-block_bbd4d6138b8f92f7c4fceb126427014b\" class=\"ls-pdf\" >\n    <div class=\"ls-pdf__list\">\n                            <a href=\"https:\/\/www.camping-les-chenes.com\/wp-content\/uploads\/2023\/06\/Reglement-Interieur-CAMPING-LES-CHENES-2025-Anglais.pdf\" title=\"Reglement\" class=\"ls-pdf__list__item\" data-fancybox=\"pdf\">\n\n                                    <i class=\"chenes-reglement\"><\/i>\n                \n                <div>Reglement <\/div>\n            <\/a>\n                    <a href=\"https:\/\/www.camping-les-chenes.com\/wp-content\/uploads\/2023\/06\/PLAN-CAMPING-MAJ-2025-VDef-1.pdf\" title=\"Camping plattegrond\" class=\"ls-pdf__list__item\" data-fancybox=\"pdf\">\n\n                                    <i class=\"chenes-plan\"><\/i>\n                \n                <div>Camping plattegrond <\/div>\n            <\/a>\n                    <a href=\"https:\/\/www.camping-les-chenes.com\/wp-content\/uploads\/2023\/06\/Contrat-de-Reservation-Camping-LES-CHENES-2026-Anglais.pdf\" title=\"Contract\" class=\"ls-pdf__list__item\" data-fancybox=\"pdf\">\n\n                                    <i class=\"chenes-contrat\"><\/i>\n                \n                <div>Contract <\/div>\n            <\/a>\n                    <a href=\"https:\/\/www.camping-les-chenes.com\/wp-content\/uploads\/2023\/06\/CGV-CAMPING-LES-CHENES-2026-Anglais.pdf\" title=\"Algemene voorwaarden\" class=\"ls-pdf__list__item\" data-fancybox=\"pdf\">\n\n                                    <i class=\"inter_one-file\"><\/i>\n                \n                <div>Algemene voorwaarden <\/div>\n            <\/a>\n                    <a href=\"https:\/\/www.camping-les-chenes.com\/wp-content\/uploads\/2023\/06\/CGA-IPID-Campez-Couvert-2026-Neerlandais-1.pdf\" title=\"Annulering sverzekering\" class=\"ls-pdf__list__item\" data-fancybox=\"pdf\">\n\n                                    <i class=\"inter_one-terms-and-conditions\"><\/i>\n                \n                <div>Annulering sverzekering <\/div>\n            <\/a>\n                    <\/div>\n<\/div>\n\n    <\/div>\n<\/section>","protected":false},"excerpt":{"rendered":"","protected":false},"author":1,"featured_media":1656,"parent":0,"menu_order":0,"comment_status":"closed","ping_status":"closed","template":"","meta":{"_acf_changed":false,"footnotes":""},"sujet":[],"class_list":["post-1877","page","type-page","status-publish","has-post-thumbnail","hentry"],"acf":[],"yoast_head":"<!-- This site is optimized with the Yoast SEO plugin v26.2 - https:\/\/yoast.com\/wordpress\/plugins\/seo\/ -->\n<title>Contact opnemen met de camping Les Ch\u00eanes | Routebeschrijving camping Junas<\/title>\n<meta name=\"description\" content=\"Contact opnemen met camping Les Ch\u00eanes in de Gard vlakbij Sommi\u00e8res, N\u00eemes (30) en Lunel, Montpellier (34).\" \/>\n<meta name=\"robots\" content=\"index, follow, max-snippet:-1, max-image-preview:large, max-video-preview:-1\" \/>\n<link rel=\"canonical\" href=\"https:\/\/www.camping-les-chenes.com\/nl\/contact-op\/\" \/>\n<meta property=\"og:locale\" content=\"nl_NL\" \/>\n<meta property=\"og:type\" content=\"article\" \/>\n<meta property=\"og:title\" content=\"Contact opnemen met de camping Les Ch\u00eanes | Routebeschrijving camping Junas\" \/>\n<meta property=\"og:description\" content=\"Contact opnemen met camping Les Ch\u00eanes in de Gard vlakbij Sommi\u00e8res, N\u00eemes (30) en Lunel, Montpellier (34).\" \/>\n<meta property=\"og:url\" content=\"https:\/\/www.camping-les-chenes.com\/nl\/contact-op\/\" \/>\n<meta property=\"og:site_name\" content=\"Camping les Ch\u00eanes\" \/>\n<meta property=\"article:modified_time\" content=\"2025-12-18T21:37:41+00:00\" \/>\n<meta property=\"og:image\" content=\"https:\/\/www.camping-les-chenes.com\/wp-content\/uploads\/2023\/07\/Accueil-Camping-junas_.webp\" \/>\n\t<meta property=\"og:image:width\" content=\"900\" \/>\n\t<meta property=\"og:image:height\" content=\"600\" \/>\n\t<meta property=\"og:image:type\" content=\"image\/webp\" \/>\n<meta name=\"twitter:card\" content=\"summary_large_image\" \/>\n<meta name=\"twitter:label1\" content=\"Geschatte leestijd\" \/>\n\t<meta name=\"twitter:data1\" content=\"1 minuut\" \/>\n<script type=\"application\/ld+json\" class=\"yoast-schema-graph\">{\"@context\":\"https:\/\/schema.org\",\"@graph\":[{\"@type\":\"WebPage\",\"@id\":\"https:\/\/www.camping-les-chenes.com\/nl\/contact-op\/\",\"url\":\"https:\/\/www.camping-les-chenes.com\/nl\/contact-op\/\",\"name\":\"Contact opnemen met de camping Les Ch\u00eanes | Routebeschrijving camping Junas\",\"isPartOf\":{\"@id\":\"https:\/\/www.camping-les-chenes.com\/#website\"},\"primaryImageOfPage\":{\"@id\":\"https:\/\/www.camping-les-chenes.com\/nl\/contact-op\/#primaryimage\"},\"image\":{\"@id\":\"https:\/\/www.camping-les-chenes.com\/nl\/contact-op\/#primaryimage\"},\"thumbnailUrl\":\"https:\/\/www.camping-les-chenes.com\/wp-content\/uploads\/2023\/07\/Accueil-Camping-junas_.webp\",\"datePublished\":\"2023-06-07T08:07:50+00:00\",\"dateModified\":\"2025-12-18T21:37:41+00:00\",\"description\":\"Contact opnemen met camping Les Ch\u00eanes in de Gard vlakbij Sommi\u00e8res, N\u00eemes (30) en Lunel, Montpellier (34).\",\"breadcrumb\":{\"@id\":\"https:\/\/www.camping-les-chenes.com\/nl\/contact-op\/#breadcrumb\"},\"inLanguage\":\"nl-NL\",\"potentialAction\":[{\"@type\":\"ReadAction\",\"target\":[\"https:\/\/www.camping-les-chenes.com\/nl\/contact-op\/\"]}]},{\"@type\":\"ImageObject\",\"inLanguage\":\"nl-NL\",\"@id\":\"https:\/\/www.camping-les-chenes.com\/nl\/contact-op\/#primaryimage\",\"url\":\"https:\/\/www.camping-les-chenes.com\/wp-content\/uploads\/2023\/07\/Accueil-Camping-junas_.webp\",\"contentUrl\":\"https:\/\/www.camping-les-chenes.com\/wp-content\/uploads\/2023\/07\/Accueil-Camping-junas_.webp\",\"width\":900,\"height\":600,\"caption\":\"Camping Camp\u00e9ole Junas\"},{\"@type\":\"BreadcrumbList\",\"@id\":\"https:\/\/www.camping-les-chenes.com\/nl\/contact-op\/#breadcrumb\",\"itemListElement\":[{\"@type\":\"ListItem\",\"position\":1,\"name\":\"Camping Gard\",\"item\":\"https:\/\/www.camping-les-chenes.com\/nl\/\"},{\"@type\":\"ListItem\",\"position\":2,\"name\":\"Contact, toegang\"}]},{\"@type\":\"WebSite\",\"@id\":\"https:\/\/www.camping-les-chenes.com\/#website\",\"url\":\"https:\/\/www.camping-les-chenes.com\/\",\"name\":\"Camping les Ch\u00eanes\",\"description\":\"\",\"publisher\":{\"@id\":\"https:\/\/www.camping-les-chenes.com\/#organization\"},\"potentialAction\":[{\"@type\":\"SearchAction\",\"target\":{\"@type\":\"EntryPoint\",\"urlTemplate\":\"https:\/\/www.camping-les-chenes.com\/?s={search_term_string}\"},\"query-input\":{\"@type\":\"PropertyValueSpecification\",\"valueRequired\":true,\"valueName\":\"search_term_string\"}}],\"inLanguage\":\"nl-NL\"},{\"@type\":\"Organization\",\"@id\":\"https:\/\/www.camping-les-chenes.com\/#organization\",\"name\":\"Camping les Ch\u00eanes\",\"url\":\"https:\/\/www.camping-les-chenes.com\/\",\"logo\":{\"@type\":\"ImageObject\",\"inLanguage\":\"nl-NL\",\"@id\":\"https:\/\/www.camping-les-chenes.com\/#\/schema\/logo\/image\/\",\"url\":\"https:\/\/www.camping-les-chenes.com\/wp-content\/uploads\/2023\/06\/cropped-camping-les-chenes-junas-1.png\",\"contentUrl\":\"https:\/\/www.camping-les-chenes.com\/wp-content\/uploads\/2023\/06\/cropped-camping-les-chenes-junas-1.png\",\"width\":650,\"height\":413,\"caption\":\"Camping les Ch\u00eanes\"},\"image\":{\"@id\":\"https:\/\/www.camping-les-chenes.com\/#\/schema\/logo\/image\/\"}}]}<\/script>\n<!-- \/ Yoast SEO plugin. -->","yoast_head_json":{"title":"Contact opnemen met de camping Les Ch\u00eanes | Routebeschrijving camping Junas","description":"Contact opnemen met camping Les Ch\u00eanes in de Gard vlakbij Sommi\u00e8res, N\u00eemes (30) en Lunel, Montpellier (34).","robots":{"index":"index","follow":"follow","max-snippet":"max-snippet:-1","max-image-preview":"max-image-preview:large","max-video-preview":"max-video-preview:-1"},"canonical":"https:\/\/www.camping-les-chenes.com\/nl\/contact-op\/","og_locale":"nl_NL","og_type":"article","og_title":"Contact opnemen met de camping Les Ch\u00eanes | Routebeschrijving camping Junas","og_description":"Contact opnemen met camping Les Ch\u00eanes in de Gard vlakbij Sommi\u00e8res, N\u00eemes (30) en Lunel, Montpellier (34).","og_url":"https:\/\/www.camping-les-chenes.com\/nl\/contact-op\/","og_site_name":"Camping les Ch\u00eanes","article_modified_time":"2025-12-18T21:37:41+00:00","og_image":[{"width":900,"height":600,"url":"https:\/\/www.camping-les-chenes.com\/wp-content\/uploads\/2023\/07\/Accueil-Camping-junas_.webp","type":"image\/webp"}],"twitter_card":"summary_large_image","twitter_misc":{"Geschatte leestijd":"1 minuut"},"schema":{"@context":"https:\/\/schema.org","@graph":[{"@type":"WebPage","@id":"https:\/\/www.camping-les-chenes.com\/nl\/contact-op\/","url":"https:\/\/www.camping-les-chenes.com\/nl\/contact-op\/","name":"Contact opnemen met de camping Les Ch\u00eanes | Routebeschrijving camping Junas","isPartOf":{"@id":"https:\/\/www.camping-les-chenes.com\/#website"},"primaryImageOfPage":{"@id":"https:\/\/www.camping-les-chenes.com\/nl\/contact-op\/#primaryimage"},"image":{"@id":"https:\/\/www.camping-les-chenes.com\/nl\/contact-op\/#primaryimage"},"thumbnailUrl":"https:\/\/www.camping-les-chenes.com\/wp-content\/uploads\/2023\/07\/Accueil-Camping-junas_.webp","datePublished":"2023-06-07T08:07:50+00:00","dateModified":"2025-12-18T21:37:41+00:00","description":"Contact opnemen met camping Les Ch\u00eanes in de Gard vlakbij Sommi\u00e8res, N\u00eemes (30) en Lunel, Montpellier (34).","breadcrumb":{"@id":"https:\/\/www.camping-les-chenes.com\/nl\/contact-op\/#breadcrumb"},"inLanguage":"nl-NL","potentialAction":[{"@type":"ReadAction","target":["https:\/\/www.camping-les-chenes.com\/nl\/contact-op\/"]}]},{"@type":"ImageObject","inLanguage":"nl-NL","@id":"https:\/\/www.camping-les-chenes.com\/nl\/contact-op\/#primaryimage","url":"https:\/\/www.camping-les-chenes.com\/wp-content\/uploads\/2023\/07\/Accueil-Camping-junas_.webp","contentUrl":"https:\/\/www.camping-les-chenes.com\/wp-content\/uploads\/2023\/07\/Accueil-Camping-junas_.webp","width":900,"height":600,"caption":"Camping Camp\u00e9ole Junas"},{"@type":"BreadcrumbList","@id":"https:\/\/www.camping-les-chenes.com\/nl\/contact-op\/#breadcrumb","itemListElement":[{"@type":"ListItem","position":1,"name":"Camping Gard","item":"https:\/\/www.camping-les-chenes.com\/nl\/"},{"@type":"ListItem","position":2,"name":"Contact, toegang"}]},{"@type":"WebSite","@id":"https:\/\/www.camping-les-chenes.com\/#website","url":"https:\/\/www.camping-les-chenes.com\/","name":"Camping les Ch\u00eanes","description":"","publisher":{"@id":"https:\/\/www.camping-les-chenes.com\/#organization"},"potentialAction":[{"@type":"SearchAction","target":{"@type":"EntryPoint","urlTemplate":"https:\/\/www.camping-les-chenes.com\/?s={search_term_string}"},"query-input":{"@type":"PropertyValueSpecification","valueRequired":true,"valueName":"search_term_string"}}],"inLanguage":"nl-NL"},{"@type":"Organization","@id":"https:\/\/www.camping-les-chenes.com\/#organization","name":"Camping les Ch\u00eanes","url":"https:\/\/www.camping-les-chenes.com\/","logo":{"@type":"ImageObject","inLanguage":"nl-NL","@id":"https:\/\/www.camping-les-chenes.com\/#\/schema\/logo\/image\/","url":"https:\/\/www.camping-les-chenes.com\/wp-content\/uploads\/2023\/06\/cropped-camping-les-chenes-junas-1.png","contentUrl":"https:\/\/www.camping-les-chenes.com\/wp-content\/uploads\/2023\/06\/cropped-camping-les-chenes-junas-1.png","width":650,"height":413,"caption":"Camping les Ch\u00eanes"},"image":{"@id":"https:\/\/www.camping-les-chenes.com\/#\/schema\/logo\/image\/"}}]}},"_links":{"self":[{"href":"https:\/\/www.camping-les-chenes.com\/nl\/wp-json\/wp\/v2\/pages\/1877","targetHints":{"allow":["GET"]}}],"collection":[{"href":"https:\/\/www.camping-les-chenes.com\/nl\/wp-json\/wp\/v2\/pages"}],"about":[{"href":"https:\/\/www.camping-les-chenes.com\/nl\/wp-json\/wp\/v2\/types\/page"}],"author":[{"embeddable":true,"href":"https:\/\/www.camping-les-chenes.com\/nl\/wp-json\/wp\/v2\/users\/1"}],"replies":[{"embeddable":true,"href":"https:\/\/www.camping-les-chenes.com\/nl\/wp-json\/wp\/v2\/comments?post=1877"}],"version-history":[{"count":13,"href":"https:\/\/www.camping-les-chenes.com\/nl\/wp-json\/wp\/v2\/pages\/1877\/revisions"}],"predecessor-version":[{"id":3244,"href":"https:\/\/www.camping-les-chenes.com\/nl\/wp-json\/wp\/v2\/pages\/1877\/revisions\/3244"}],"wp:featuredmedia":[{"embeddable":true,"href":"https:\/\/www.camping-les-chenes.com\/nl\/wp-json\/wp\/v2\/media\/1656"}],"wp:attachment":[{"href":"https:\/\/www.camping-les-chenes.com\/nl\/wp-json\/wp\/v2\/media?parent=1877"}],"wp:term":[{"taxonomy":"sujet","embeddable":true,"href":"https:\/\/www.camping-les-chenes.com\/nl\/wp-json\/wp\/v2\/sujet?post=1877"}],"curies":[{"name":"wp","href":"https:\/\/api.w.org\/{rel}","templated":true}]}}