{"id":1881,"date":"2023-06-07T10:07:50","date_gmt":"2023-06-07T08:07:50","guid":{"rendered":"https:\/\/www.camping-les-chenes.com\/contact-and-acces\/"},"modified":"2025-12-18T22:53:03","modified_gmt":"2025-12-18T21:53:03","slug":"contact-and-acces","status":"publish","type":"page","link":"https:\/\/www.camping-les-chenes.com\/en\/contact-and-acces\/","title":{"rendered":"Contact, access and documents"},"content":{"rendered":"<section id=\"ls-section-block_314d549f20537093d5bcd03700643c99\" class=\"ls-section  page-intro\" >\n        <div class=\"container \">\n        \n\n<h1 class=\"ls__heading wp-block-heading\">Contact, access and documents<\/h1>\n\n\n    <\/div>\n<\/section><section id=\"ls-section-block_16c2a72176d1ded4398951d8158d4245\" class=\"ls-section  home-piscine page-one has-m-b m-b-0 has-p-t p-t-0 has-p-b p-b-0\" >\n        <div class=\"container container--full\">\n        \n\n<div class=\"wp-block-columns is-layout-flex wp-container-core-columns-is-layout-9d6595d7 wp-block-columns-is-layout-flex\">\n<div class=\"wp-block-column is-vertically-aligned-center is-layout-flow wp-block-column-is-layout-flow\">\n<h2 class=\"ls__heading wp-block-heading\">Contact us<\/h2>\n\n\n\n<p class=\"ls-paragraph\">Any last questions? Need more information before booking? Our team is available to answer your questions and advise you. You can contact us via our contact form, by e-mail or by phone:<\/p>\n\n\n\n<h2 class=\"ls__heading wp-block-heading\">How to get to the campsite<\/h2>\n\n\n\n<p class=\"ls-paragraph\">Les Ch\u00eanes <a href=\"https:\/\/www.camping-les-chenes.com\/en\/\">campsite in the Gard<\/a> is located in the Occitanie region, 5 minutes from Sommi\u00e8res and around 30 minutes from N\u00eemes (30), Le Grau du Roi and Montpellier (34).<\/p>\n\n\n\n<p class=\"ls-paragraph\"><strong>By car, caravan or camper van:<\/strong><\/p>\n\n\n\n<p class=\"ls-paragraph\"><em>Recommended route:<\/em> GALLARGUES motorway exit No. 26 then take the direction of AUBAIS and finally follow JUNAS. <\/p>\n\n\n\n<p class=\"ls-paragraph\"><strong>By train :<\/strong><\/p>\n\n\n\n<ul class=\"ls-list ls-list-undefined wp-block-list\">\n<li>31 km from Montpellier Sud-de-France station &#8211; La languedocienne<\/li>\n\n\n\n<li>21 km de la gare Saint -C\u00e9saire (N\u00eemes)<\/li>\n<\/ul>\n\n\n\n<p class=\"ls-paragraph\"><\/p>\n\n\n\n<p class=\"ls-paragraph\"><strong>By plane : <\/strong><\/p>\n\n\n\n<ul class=\"ls-list ls-list-undefined wp-block-list\">\n<li>34 km from Montpellier M\u00e9diterran\u00e9e airport<\/li>\n\n\n\n<li>134 km from Marseille Provence airport <\/li>\n<\/ul>\n\n\n\n<p class=\"ls-paragraph\"><\/p>\n\n\n\n<p class=\"ls-paragraph\"><strong>Access and contact Les Ch\u00eanes campsite in the Gard<\/strong><br\/>Les Ch\u00eanes*** campsite<br\/>95 Chemin des Teulli\u00e8res Basses 30250 JUNAS<br\/>GPS: 43\u00b045\u201941.0\u2033N 4\u00b007\u201916.0\u2033E<\/p>\n<\/div>\n\n\n\n<div class=\"wp-block-column is-layout-flow wp-block-column-is-layout-flow\">\n<div class=\"wp-block-contact-form-7-contact-form-selector\">\n<div class=\"wpcf7 no-js\" id=\"wpcf7-f1638-o1\" lang=\"en-US\" dir=\"ltr\" data-wpcf7-id=\"1638\">\n<div class=\"screen-reader-response\"><p role=\"status\" aria-live=\"polite\" aria-atomic=\"true\"><\/p> <ul><\/ul><\/div>\n<form action=\"\/en\/wp-json\/wp\/v2\/pages\/1881#wpcf7-f1638-o1\" method=\"post\" class=\"wpcf7-form init\" aria-label=\"Contact form\" novalidate=\"novalidate\" data-status=\"init\">\n<fieldset class=\"hidden-fields-container\"><input type=\"hidden\" name=\"_wpcf7\" value=\"1638\" \/><input type=\"hidden\" name=\"_wpcf7_version\" value=\"6.1.2\" \/><input type=\"hidden\" name=\"_wpcf7_locale\" value=\"en_US\" \/><input type=\"hidden\" name=\"_wpcf7_unit_tag\" value=\"wpcf7-f1638-o1\" \/><input type=\"hidden\" name=\"_wpcf7_container_post\" value=\"0\" \/><input type=\"hidden\" name=\"_wpcf7_posted_data_hash\" value=\"\" \/><input type=\"hidden\" name=\"_wpcf7_recaptcha_response\" value=\"\" \/>\n<\/fieldset>\n<p><label> Your name<br \/>\n<span class=\"wpcf7-form-control-wrap\" data-name=\"your-name\"><input size=\"40\" maxlength=\"400\" class=\"wpcf7-form-control wpcf7-text wpcf7-validates-as-required\" autocomplete=\"name\" aria-required=\"true\" aria-invalid=\"false\" value=\"\" type=\"text\" name=\"your-name\" \/><\/span> <\/label>\n<\/p>\n<p><label> Your e-mail<br \/>\n<span class=\"wpcf7-form-control-wrap\" data-name=\"your-email\"><input size=\"40\" maxlength=\"400\" class=\"wpcf7-form-control wpcf7-email wpcf7-validates-as-required wpcf7-text wpcf7-validates-as-email\" autocomplete=\"email\" aria-required=\"true\" aria-invalid=\"false\" value=\"\" type=\"email\" name=\"your-email\" \/><\/span> <\/label>\n<\/p>\n<p><label> Object<br \/>\n<span class=\"wpcf7-form-control-wrap\" data-name=\"your-subject\"><input size=\"40\" maxlength=\"400\" class=\"wpcf7-form-control wpcf7-text wpcf7-validates-as-required\" aria-required=\"true\" aria-invalid=\"false\" value=\"\" type=\"text\" name=\"your-subject\" \/><\/span> <\/label>\n<\/p>\n<p><label> Your message<br \/>\n<span class=\"wpcf7-form-control-wrap\" data-name=\"your-message\"><textarea cols=\"40\" rows=\"10\" maxlength=\"2000\" class=\"wpcf7-form-control wpcf7-textarea\" aria-invalid=\"false\" name=\"your-message\"><\/textarea><\/span> <\/label><br \/>\n<span class=\"wpcf7-form-control-wrap\" data-name=\"acceptance-553\"><span class=\"wpcf7-form-control wpcf7-acceptance\"><span class=\"wpcf7-list-item\"><label><input type=\"checkbox\" name=\"acceptance-553\" value=\"1\" aria-invalid=\"false\" \/><span class=\"wpcf7-list-item-label\">By checking this box, I accept the <a href=\"\/en\/privacy-policy\/\" rel=\"nofollow\" target=\"_blank\">Privacy Policy<\/a> of this site.<\/span><\/label><\/span><\/span><\/span><br \/>\n<input class=\"wpcf7-form-control wpcf7-submit has-spinner\" type=\"submit\" value=\"Send\" \/>\n<\/p><div class=\"wpcf7-response-output\" aria-hidden=\"true\"><\/div>\n<\/form>\n<\/div>\n<\/div>\n<\/div>\n<\/div>\n\n\n<section id=\"ls-section-block_83229465e41d4512793856f7733576ed\" class=\"ls-section  home-ecologie page-two has-p-t p-t-0\" >\n        <div class=\"container container--full\">\n        \n\n<iframe src=\"https:\/\/www.google.com\/maps\/embed?pb=!1m14!1m8!1m3!1d27409.43278132081!2d4.0973336620272764!3d43.77157760024683!3m2!1i1024!2i768!4f13.1!3m3!1m2!1s0x12b4211dd7b368a9%3A0xea64aaa24d4a473a!2sCamping%20Les%20Ch%C3%AAnes!5e0!3m2!1sfr!2sfr!4v1689066138567!5m2!1sfr!2sfr\" width=\"100%\" height=\"550\" style=\"border:0;\" allowfullscreen=\"\" loading=\"lazy\" referrerpolicy=\"no-referrer-when-downgrade\"><\/iframe>\n\n\n    <\/div>\n<\/section>\n\n\n<h1 class=\"ls__heading wp-block-heading\">Plan your trip with peace of mind<\/h1>\n\n\n\n<p class=\"ls-paragraph\"><\/p>\n\n\n\n<div id=\"ls-pdf-block_0cb16620bad14cb26363b15a1ac6f537\" class=\"ls-pdf\" >\n    <div class=\"ls-pdf__list\">\n                            <a href=\"https:\/\/www.camping-les-chenes.com\/wp-content\/uploads\/2023\/06\/Reglement-Interieur-CAMPING-LES-CHENES-2025-Anglais.pdf\" title=\"Regulations\" class=\"ls-pdf__list__item\" data-fancybox=\"pdf\">\n\n                                    <i class=\"chenes-reglement\"><\/i>\n                \n                <div>Regulations <\/div>\n            <\/a>\n                    <a href=\"https:\/\/www.camping-les-chenes.com\/wp-content\/uploads\/2023\/06\/PLAN-CAMPING-MAJ-2025-VDef-1.pdf\" title=\"Campsite map\" class=\"ls-pdf__list__item\" data-fancybox=\"pdf\">\n\n                                    <i class=\"chenes-plan\"><\/i>\n                \n                <div>Campsite map <\/div>\n            <\/a>\n                    <a href=\"https:\/\/www.camping-les-chenes.com\/wp-content\/uploads\/2023\/06\/Contrat-de-Reservation-Camping-LES-CHENES-2026-Anglais.pdf\" title=\"Contract\" class=\"ls-pdf__list__item\" data-fancybox=\"pdf\">\n\n                                    <i class=\"chenes-contrat\"><\/i>\n                \n                <div>Contract <\/div>\n            <\/a>\n                    <a href=\"https:\/\/www.camping-les-chenes.com\/wp-content\/uploads\/2023\/06\/CGV-CAMPING-LES-CHENES-2026-Anglais.pdf\" title=\"GTC\" class=\"ls-pdf__list__item\" data-fancybox=\"pdf\">\n\n                                    <i class=\"inter_one-file\"><\/i>\n                \n                <div>GTC <\/div>\n            <\/a>\n                    <a href=\"https:\/\/www.camping-les-chenes.com\/wp-content\/uploads\/2023\/06\/CGA-IPID-Campez-Couvert-2026-Anglais-1.pdf\" title=\"Cancellation insurance\" class=\"ls-pdf__list__item\" data-fancybox=\"pdf\">\n\n                                    <i class=\"inter_one-terms-and-conditions\"><\/i>\n                \n                <div>Cancellation insurance <\/div>\n            <\/a>\n                    <\/div>\n<\/div>\n\n    <\/div>\n<\/section>","protected":false},"excerpt":{"rendered":"","protected":false},"author":1,"featured_media":941,"parent":0,"menu_order":0,"comment_status":"closed","ping_status":"closed","template":"","meta":{"_acf_changed":false,"footnotes":""},"sujet":[],"class_list":["post-1881","page","type-page","status-publish","has-post-thumbnail","hentry"],"acf":[],"yoast_head":"<!-- This site is optimized with the Yoast SEO plugin v26.2 - https:\/\/yoast.com\/wordpress\/plugins\/seo\/ -->\n<title>Contact camping Les Ch\u00eanes | Itin\u00e9raire camping Junas<\/title>\n<meta name=\"description\" content=\"Access and contact Les Ch\u00eanes campsite in the Gard close to Sommi\u00e8res, N\u00eemes (30) and Lunel, Montpellier (34).\" \/>\n<meta name=\"robots\" content=\"index, follow, max-snippet:-1, max-image-preview:large, max-video-preview:-1\" \/>\n<link rel=\"canonical\" href=\"https:\/\/www.camping-les-chenes.com\/en\/contact-and-acces\/\" \/>\n<meta property=\"og:locale\" content=\"en_US\" \/>\n<meta property=\"og:type\" content=\"article\" \/>\n<meta property=\"og:title\" content=\"Contact camping Les Ch\u00eanes | Itin\u00e9raire camping Junas\" \/>\n<meta property=\"og:description\" content=\"Access and contact Les Ch\u00eanes campsite in the Gard close to Sommi\u00e8res, N\u00eemes (30) and Lunel, Montpellier (34).\" \/>\n<meta property=\"og:url\" content=\"https:\/\/www.camping-les-chenes.com\/en\/contact-and-acces\/\" \/>\n<meta property=\"og:site_name\" content=\"Camping les Ch\u00eanes\" \/>\n<meta property=\"article:modified_time\" content=\"2025-12-18T21:53:03+00:00\" \/>\n<meta property=\"og:image\" content=\"https:\/\/www.camping-les-chenes.com\/wp-content\/uploads\/2023\/07\/Accueil-Camping-junas_.webp\" \/>\n\t<meta property=\"og:image:width\" content=\"900\" \/>\n\t<meta property=\"og:image:height\" content=\"600\" \/>\n\t<meta property=\"og:image:type\" content=\"image\/webp\" \/>\n<meta name=\"twitter:card\" content=\"summary_large_image\" \/>\n<meta name=\"twitter:label1\" content=\"Est. reading time\" \/>\n\t<meta name=\"twitter:data1\" content=\"1 minute\" \/>\n<script type=\"application\/ld+json\" class=\"yoast-schema-graph\">{\"@context\":\"https:\/\/schema.org\",\"@graph\":[{\"@type\":\"WebPage\",\"@id\":\"https:\/\/www.camping-les-chenes.com\/en\/contact-and-acces\/\",\"url\":\"https:\/\/www.camping-les-chenes.com\/en\/contact-and-acces\/\",\"name\":\"Contact camping Les Ch\u00eanes | Itin\u00e9raire camping Junas\",\"isPartOf\":{\"@id\":\"https:\/\/www.camping-les-chenes.com\/#website\"},\"primaryImageOfPage\":{\"@id\":\"https:\/\/www.camping-les-chenes.com\/en\/contact-and-acces\/#primaryimage\"},\"image\":{\"@id\":\"https:\/\/www.camping-les-chenes.com\/en\/contact-and-acces\/#primaryimage\"},\"thumbnailUrl\":\"https:\/\/www.camping-les-chenes.com\/wp-content\/uploads\/2023\/07\/Accueil-Camping-junas_.webp\",\"datePublished\":\"2023-06-07T08:07:50+00:00\",\"dateModified\":\"2025-12-18T21:53:03+00:00\",\"description\":\"Access and contact Les Ch\u00eanes campsite in the Gard close to Sommi\u00e8res, N\u00eemes (30) and Lunel, Montpellier (34).\",\"breadcrumb\":{\"@id\":\"https:\/\/www.camping-les-chenes.com\/en\/contact-and-acces\/#breadcrumb\"},\"inLanguage\":\"en-US\",\"potentialAction\":[{\"@type\":\"ReadAction\",\"target\":[\"https:\/\/www.camping-les-chenes.com\/en\/contact-and-acces\/\"]}]},{\"@type\":\"ImageObject\",\"inLanguage\":\"en-US\",\"@id\":\"https:\/\/www.camping-les-chenes.com\/en\/contact-and-acces\/#primaryimage\",\"url\":\"https:\/\/www.camping-les-chenes.com\/wp-content\/uploads\/2023\/07\/Accueil-Camping-junas_.webp\",\"contentUrl\":\"https:\/\/www.camping-les-chenes.com\/wp-content\/uploads\/2023\/07\/Accueil-Camping-junas_.webp\",\"width\":900,\"height\":600,\"caption\":\"Camping Familiale Junas\"},{\"@type\":\"BreadcrumbList\",\"@id\":\"https:\/\/www.camping-les-chenes.com\/en\/contact-and-acces\/#breadcrumb\",\"itemListElement\":[{\"@type\":\"ListItem\",\"position\":1,\"name\":\"Camping Gard\",\"item\":\"https:\/\/www.camping-les-chenes.com\/en\/\"},{\"@type\":\"ListItem\",\"position\":2,\"name\":\"Contact, access\"}]},{\"@type\":\"WebSite\",\"@id\":\"https:\/\/www.camping-les-chenes.com\/#website\",\"url\":\"https:\/\/www.camping-les-chenes.com\/\",\"name\":\"Camping les Ch\u00eanes\",\"description\":\"\",\"publisher\":{\"@id\":\"https:\/\/www.camping-les-chenes.com\/#organization\"},\"potentialAction\":[{\"@type\":\"SearchAction\",\"target\":{\"@type\":\"EntryPoint\",\"urlTemplate\":\"https:\/\/www.camping-les-chenes.com\/?s={search_term_string}\"},\"query-input\":{\"@type\":\"PropertyValueSpecification\",\"valueRequired\":true,\"valueName\":\"search_term_string\"}}],\"inLanguage\":\"en-US\"},{\"@type\":\"Organization\",\"@id\":\"https:\/\/www.camping-les-chenes.com\/#organization\",\"name\":\"Camping les Ch\u00eanes\",\"url\":\"https:\/\/www.camping-les-chenes.com\/\",\"logo\":{\"@type\":\"ImageObject\",\"inLanguage\":\"en-US\",\"@id\":\"https:\/\/www.camping-les-chenes.com\/#\/schema\/logo\/image\/\",\"url\":\"https:\/\/www.camping-les-chenes.com\/wp-content\/uploads\/2023\/06\/cropped-camping-les-chenes-junas-1.png\",\"contentUrl\":\"https:\/\/www.camping-les-chenes.com\/wp-content\/uploads\/2023\/06\/cropped-camping-les-chenes-junas-1.png\",\"width\":650,\"height\":413,\"caption\":\"Camping les Ch\u00eanes\"},\"image\":{\"@id\":\"https:\/\/www.camping-les-chenes.com\/#\/schema\/logo\/image\/\"}}]}<\/script>\n<!-- \/ Yoast SEO plugin. -->","yoast_head_json":{"title":"Contact camping Les Ch\u00eanes | Itin\u00e9raire camping Junas","description":"Access and contact Les Ch\u00eanes campsite in the Gard close to Sommi\u00e8res, N\u00eemes (30) and Lunel, Montpellier (34).","robots":{"index":"index","follow":"follow","max-snippet":"max-snippet:-1","max-image-preview":"max-image-preview:large","max-video-preview":"max-video-preview:-1"},"canonical":"https:\/\/www.camping-les-chenes.com\/en\/contact-and-acces\/","og_locale":"en_US","og_type":"article","og_title":"Contact camping Les Ch\u00eanes | Itin\u00e9raire camping Junas","og_description":"Access and contact Les Ch\u00eanes campsite in the Gard close to Sommi\u00e8res, N\u00eemes (30) and Lunel, Montpellier (34).","og_url":"https:\/\/www.camping-les-chenes.com\/en\/contact-and-acces\/","og_site_name":"Camping les Ch\u00eanes","article_modified_time":"2025-12-18T21:53:03+00:00","og_image":[{"width":900,"height":600,"url":"https:\/\/www.camping-les-chenes.com\/wp-content\/uploads\/2023\/07\/Accueil-Camping-junas_.webp","type":"image\/webp"}],"twitter_card":"summary_large_image","twitter_misc":{"Est. reading time":"1 minute"},"schema":{"@context":"https:\/\/schema.org","@graph":[{"@type":"WebPage","@id":"https:\/\/www.camping-les-chenes.com\/en\/contact-and-acces\/","url":"https:\/\/www.camping-les-chenes.com\/en\/contact-and-acces\/","name":"Contact camping Les Ch\u00eanes | Itin\u00e9raire camping Junas","isPartOf":{"@id":"https:\/\/www.camping-les-chenes.com\/#website"},"primaryImageOfPage":{"@id":"https:\/\/www.camping-les-chenes.com\/en\/contact-and-acces\/#primaryimage"},"image":{"@id":"https:\/\/www.camping-les-chenes.com\/en\/contact-and-acces\/#primaryimage"},"thumbnailUrl":"https:\/\/www.camping-les-chenes.com\/wp-content\/uploads\/2023\/07\/Accueil-Camping-junas_.webp","datePublished":"2023-06-07T08:07:50+00:00","dateModified":"2025-12-18T21:53:03+00:00","description":"Access and contact Les Ch\u00eanes campsite in the Gard close to Sommi\u00e8res, N\u00eemes (30) and Lunel, Montpellier (34).","breadcrumb":{"@id":"https:\/\/www.camping-les-chenes.com\/en\/contact-and-acces\/#breadcrumb"},"inLanguage":"en-US","potentialAction":[{"@type":"ReadAction","target":["https:\/\/www.camping-les-chenes.com\/en\/contact-and-acces\/"]}]},{"@type":"ImageObject","inLanguage":"en-US","@id":"https:\/\/www.camping-les-chenes.com\/en\/contact-and-acces\/#primaryimage","url":"https:\/\/www.camping-les-chenes.com\/wp-content\/uploads\/2023\/07\/Accueil-Camping-junas_.webp","contentUrl":"https:\/\/www.camping-les-chenes.com\/wp-content\/uploads\/2023\/07\/Accueil-Camping-junas_.webp","width":900,"height":600,"caption":"Camping Familiale Junas"},{"@type":"BreadcrumbList","@id":"https:\/\/www.camping-les-chenes.com\/en\/contact-and-acces\/#breadcrumb","itemListElement":[{"@type":"ListItem","position":1,"name":"Camping Gard","item":"https:\/\/www.camping-les-chenes.com\/en\/"},{"@type":"ListItem","position":2,"name":"Contact, access"}]},{"@type":"WebSite","@id":"https:\/\/www.camping-les-chenes.com\/#website","url":"https:\/\/www.camping-les-chenes.com\/","name":"Camping les Ch\u00eanes","description":"","publisher":{"@id":"https:\/\/www.camping-les-chenes.com\/#organization"},"potentialAction":[{"@type":"SearchAction","target":{"@type":"EntryPoint","urlTemplate":"https:\/\/www.camping-les-chenes.com\/?s={search_term_string}"},"query-input":{"@type":"PropertyValueSpecification","valueRequired":true,"valueName":"search_term_string"}}],"inLanguage":"en-US"},{"@type":"Organization","@id":"https:\/\/www.camping-les-chenes.com\/#organization","name":"Camping les Ch\u00eanes","url":"https:\/\/www.camping-les-chenes.com\/","logo":{"@type":"ImageObject","inLanguage":"en-US","@id":"https:\/\/www.camping-les-chenes.com\/#\/schema\/logo\/image\/","url":"https:\/\/www.camping-les-chenes.com\/wp-content\/uploads\/2023\/06\/cropped-camping-les-chenes-junas-1.png","contentUrl":"https:\/\/www.camping-les-chenes.com\/wp-content\/uploads\/2023\/06\/cropped-camping-les-chenes-junas-1.png","width":650,"height":413,"caption":"Camping les Ch\u00eanes"},"image":{"@id":"https:\/\/www.camping-les-chenes.com\/#\/schema\/logo\/image\/"}}]}},"_links":{"self":[{"href":"https:\/\/www.camping-les-chenes.com\/en\/wp-json\/wp\/v2\/pages\/1881","targetHints":{"allow":["GET"]}}],"collection":[{"href":"https:\/\/www.camping-les-chenes.com\/en\/wp-json\/wp\/v2\/pages"}],"about":[{"href":"https:\/\/www.camping-les-chenes.com\/en\/wp-json\/wp\/v2\/types\/page"}],"author":[{"embeddable":true,"href":"https:\/\/www.camping-les-chenes.com\/en\/wp-json\/wp\/v2\/users\/1"}],"replies":[{"embeddable":true,"href":"https:\/\/www.camping-les-chenes.com\/en\/wp-json\/wp\/v2\/comments?post=1881"}],"version-history":[{"count":12,"href":"https:\/\/www.camping-les-chenes.com\/en\/wp-json\/wp\/v2\/pages\/1881\/revisions"}],"predecessor-version":[{"id":3256,"href":"https:\/\/www.camping-les-chenes.com\/en\/wp-json\/wp\/v2\/pages\/1881\/revisions\/3256"}],"wp:featuredmedia":[{"embeddable":true,"href":"https:\/\/www.camping-les-chenes.com\/en\/wp-json\/wp\/v2\/media\/941"}],"wp:attachment":[{"href":"https:\/\/www.camping-les-chenes.com\/en\/wp-json\/wp\/v2\/media?parent=1881"}],"wp:term":[{"taxonomy":"sujet","embeddable":true,"href":"https:\/\/www.camping-les-chenes.com\/en\/wp-json\/wp\/v2\/sujet?post=1881"}],"curies":[{"name":"wp","href":"https:\/\/api.w.org\/{rel}","templated":true}]}}